{"id":17,"date":"2014-04-21T00:28:25","date_gmt":"2014-04-20T22:28:25","guid":{"rendered":"http:\/\/alstraxresurs.se\/?page_id=17"},"modified":"2014-09-30T17:30:11","modified_gmt":"2014-09-30T15:30:11","slug":"inkomstoptimering","status":"publish","type":"page","link":"http:\/\/alstrax.se\/?page_id=17","title":{"rendered":"Int\u00e4ktsoptimering"},"content":{"rendered":"<p>Konkurrensen blir allt tuffare p\u00e5 den svenska hotellmarknaden och mer fokus l\u00e4ggs d\u00e4rf\u00f6r p\u00e5 att f\u00f6lja kundm\u00f6nster och efterfr\u00e5gan f\u00f6r att f\u00e5 ut s\u00e5 mycket som m\u00f6jligt av ett hotells rumskapacitet. De hotell som inte prioriterar detta riskerar att st\u00e5 med tomma rum n\u00e4r efterfr\u00e5gan \u00e4r l\u00e5g och samtidigt s\u00e4lja dem f\u00f6r billigt n\u00e4r efterfr\u00e5gan stiger.<\/p>\n<p>Vi kan erbjuda ett paket d\u00e4r vi drar nytta av hotellets potential och samtidigt \u00f6kar int\u00e4kten per rum.<\/p>\n<p>Tillsammans med hotellets ledning g\u00e5r vi igenom hotellets f\u00f6rs\u00e4ljningskanaler och nuvarande prisstrategi och tar fram en l\u00e5ngsiktig strategi f\u00f6r att n\u00e5 \u00f6nskat resultat. Vi tar sedan fram metoder och arbetss\u00e4tt som \u00e4r i linje med denna strategi samt verktyg f\u00f6r hur vi m\u00e4ter v\u00e5rt resultat.<\/p>\n<p>Detta paket skr\u00e4ddarsys f\u00f6r att passa hotellets profil.<\/p>\n<p>&nbsp;<\/p>\n<p><a href=\"http:\/\/alstraxresurs.se\/wp-content\/uploads\/2014\/04\/Figur-revenue.jpg\"><img decoding=\"async\" loading=\"lazy\" class=\"wp-image-130 aligncenter\" src=\"http:\/\/alstraxresurs.se\/wp-content\/uploads\/2014\/04\/Figur-revenue-300x281.jpg\" alt=\"Figur revenue\" width=\"219\" height=\"205\" srcset=\"http:\/\/alstrax.se\/wp-content\/uploads\/2014\/04\/Figur-revenue-300x281.jpg 300w, http:\/\/alstrax.se\/wp-content\/uploads\/2014\/04\/Figur-revenue.jpg 382w\" sizes=\"(max-width: 219px) 100vw, 219px\" \/><\/a><\/p>\n<p>&nbsp;<\/p>\n<p>F\u00f6r mer information, kontakta Bj\u00f6rn: bjorn.fingal@alstraxresurs.se<\/p>\n","protected":false},"excerpt":{"rendered":"<p>Konkurrensen blir allt tuffare p\u00e5 den svenska hotellmarknaden och mer fokus l\u00e4ggs d\u00e4rf\u00f6r p\u00e5 att f\u00f6lja kundm\u00f6nster och efterfr\u00e5gan f\u00f6r att f\u00e5 ut s\u00e5 mycket som m\u00f6jligt av ett hotells rumskapacitet. De hotell som inte prioriterar detta riskerar att st\u00e5 med tomma rum n\u00e4r efterfr\u00e5gan \u00e4r l\u00e5g och samtidigt s\u00e4lja dem f\u00f6r billigt n\u00e4r efterfr\u00e5gan [&hellip;]<\/p>\n","protected":false},"author":2,"featured_media":124,"parent":0,"menu_order":0,"comment_status":"closed","ping_status":"closed","template":"","meta":{"content-type":""},"_links":{"self":[{"href":"http:\/\/alstrax.se\/index.php?rest_route=\/wp\/v2\/pages\/17"}],"collection":[{"href":"http:\/\/alstrax.se\/index.php?rest_route=\/wp\/v2\/pages"}],"about":[{"href":"http:\/\/alstrax.se\/index.php?rest_route=\/wp\/v2\/types\/page"}],"author":[{"embeddable":true,"href":"http:\/\/alstrax.se\/index.php?rest_route=\/wp\/v2\/users\/2"}],"replies":[{"embeddable":true,"href":"http:\/\/alstrax.se\/index.php?rest_route=%2Fwp%2Fv2%2Fcomments&post=17"}],"version-history":[{"count":10,"href":"http:\/\/alstrax.se\/index.php?rest_route=\/wp\/v2\/pages\/17\/revisions"}],"predecessor-version":[{"id":140,"href":"http:\/\/alstrax.se\/index.php?rest_route=\/wp\/v2\/pages\/17\/revisions\/140"}],"wp:featuredmedia":[{"embeddable":true,"href":"http:\/\/alstrax.se\/index.php?rest_route=\/wp\/v2\/media\/124"}],"wp:attachment":[{"href":"http:\/\/alstrax.se\/index.php?rest_route=%2Fwp%2Fv2%2Fmedia&parent=17"}],"curies":[{"name":"wp","href":"https:\/\/api.w.org\/{rel}","templated":true}]}}